{"id":1090,"date":"2022-12-03T18:45:16","date_gmt":"2022-12-03T17:45:16","guid":{"rendered":"https:\/\/silensi.pl\/?post_type=product&#038;p=1090"},"modified":"2025-12-10T23:08:53","modified_gmt":"2025-12-10T22:08:53","slug":"nalewak-do-wina-z-napowietrzaczem","status":"publish","type":"product","link":"https:\/\/silensi.pl\/de\/produkt\/nalewak-do-wina-z-napowietrzaczem\/","title":{"rendered":"Nalewak do wina z napowietrzaczem"},"content":{"rendered":"","protected":false},"excerpt":{"rendered":"<p>Akrylowy nalewak do wina z napowietrzaczem. Zapobiega kapaniu wina z butelki podczas nalewania co zapewni czysty obrus podczas nalewania. Uniwersalny kszta\u0142t dopasuje si\u0119 do ka\u017cdej butelki wina.<\/p>\n","protected":false},"featured_media":1043,"template":"","meta":{"inline_featured_image":false},"product_cat":[34],"product_tag":[],"_links":{"self":[{"href":"https:\/\/silensi.pl\/de\/wp-json\/wp\/v2\/product\/1090"}],"collection":[{"href":"https:\/\/silensi.pl\/de\/wp-json\/wp\/v2\/product"}],"about":[{"href":"https:\/\/silensi.pl\/de\/wp-json\/wp\/v2\/types\/product"}],"wp:featuredmedia":[{"embeddable":true,"href":"https:\/\/silensi.pl\/de\/wp-json\/wp\/v2\/media\/1043"}],"wp:attachment":[{"href":"https:\/\/silensi.pl\/de\/wp-json\/wp\/v2\/media?parent=1090"}],"wp:term":[{"taxonomy":"product_cat","embeddable":true,"href":"https:\/\/silensi.pl\/de\/wp-json\/wp\/v2\/product_cat?post=1090"},{"taxonomy":"product_tag","embeddable":true,"href":"https:\/\/silensi.pl\/de\/wp-json\/wp\/v2\/product_tag?post=1090"}],"curies":[{"name":"wp","href":"https:\/\/api.w.org\/{rel}","templated":true}]}}