{"id":1136,"date":"2023-08-25T08:18:50","date_gmt":"2023-08-25T07:18:50","guid":{"rendered":"https:\/\/silensi.pl\/?post_type=product&#038;p=1136"},"modified":"2026-04-10T21:14:24","modified_gmt":"2026-04-10T19:14:24","slug":"pinot-noir-blanc-de-noirs-barrique-moyenne","status":"publish","type":"product","link":"https:\/\/silensi.pl\/de\/produkt\/pinot-noir-blanc-de-noirs-barrique-moyenne\/","title":{"rendered":"Pinot Noir 2022 Blanc de Noirs Barrique Moyenne"},"content":{"rendered":"<p>Bia\u0142e wino wytrawne.<\/p>\n","protected":false},"excerpt":{"rendered":"<p><span class=\"\">\ud83c\udf77\u00a0<\/span><span class=\"\">PINOT NOIR \u2013 wino bia\u0142e, wytrawne, lekkie<\/span><\/p>\n<div>\n<p>\ud83c\udf77 r\u0119czny zbi\u00f3r i selekcja winogron z upraw w\u0142asnych oraz wywarzony proces winifikacji pozwala tworzy\u0107 produkt naturalny w kt\u00f3rym mog\u0105cy pojawi\u0107 si\u0119 w butelce osad jest zjawiskiem naturalnym<\/p>\n<\/div>\n<div>\n<p>\ud83c\udf77<span class=\"apple-converted-space\">\u00a0<\/span>wino wytrwane najlepiej serwowa\u0107 sch\u0142odzone do temperatury 7-10 st.C<\/p>\n<\/div>\n","protected":false},"featured_media":1184,"template":"","meta":{"inline_featured_image":false},"product_cat":[62],"product_tag":[],"_links":{"self":[{"href":"https:\/\/silensi.pl\/de\/wp-json\/wp\/v2\/product\/1136"}],"collection":[{"href":"https:\/\/silensi.pl\/de\/wp-json\/wp\/v2\/product"}],"about":[{"href":"https:\/\/silensi.pl\/de\/wp-json\/wp\/v2\/types\/product"}],"wp:featuredmedia":[{"embeddable":true,"href":"https:\/\/silensi.pl\/de\/wp-json\/wp\/v2\/media\/1184"}],"wp:attachment":[{"href":"https:\/\/silensi.pl\/de\/wp-json\/wp\/v2\/media?parent=1136"}],"wp:term":[{"taxonomy":"product_cat","embeddable":true,"href":"https:\/\/silensi.pl\/de\/wp-json\/wp\/v2\/product_cat?post=1136"},{"taxonomy":"product_tag","embeddable":true,"href":"https:\/\/silensi.pl\/de\/wp-json\/wp\/v2\/product_tag?post=1136"}],"curies":[{"name":"wp","href":"https:\/\/api.w.org\/{rel}","templated":true}]}}