{"id":13283,"date":"2025-08-23T17:36:04","date_gmt":"2025-08-23T15:36:04","guid":{"rendered":"https:\/\/silensi.pl\/?post_type=product&#038;p=13283"},"modified":"2025-08-25T21:13:49","modified_gmt":"2025-08-25T19:13:49","slug":"drinkin-wine-feelin-fine","status":"publish","type":"product","link":"https:\/\/silensi.pl\/de\/produkt\/drinkin-wine-feelin-fine\/","title":{"rendered":"&#8222;Drinkin&#8216; wine, feelin&#8216; fine&#8220;"},"content":{"rendered":"<p>Je\u015bli wino kojarzy Ci si\u0119 z dobrym humorem i wyj\u0105tkowymi chwilami \u2013 ta koszulka jest stworzona w\u0142a\u015bnie dla Ciebie! Lekki materia\u0142, wygodny kr\u00f3j i oryginalny nadruk sprawiaj\u0105, \u017ce szybko stanie si\u0119 Twoim ulubionym elementem garderoby. To absolutny must-have dla ka\u017cdego mi\u0142o\u015bnika wina i pozytywnej energii. Nie zwlekaj \u2013 zam\u00f3w ju\u017c teraz i poka\u017c \u015bwiatu, \u017ce nale\u017cysz do #TeamSilensi! \ud83c\udf77\u2728<\/p>\n<p>&nbsp;<\/p>\n<p>P.S Je\u015bli wybierasz odbi\u00f3r osobisty, <strong data-start=\"485\" data-end=\"555\">prosimy o wpisanie w uwagach do zam\u00f3wienia daty pikniku\/wydarzenia<\/strong>, na kt\u00f3rym chcesz odebra\u0107 koszulk\u0119.<br \/>\nMo\u017cliwe daty odbioru:<br \/>\n\u2013piknik: 24.08, 14.09<br \/>\n\u2013inne wydarzenia: WiP na Wroc\u0142awskich Partynicach (30-31.08)<\/p>\n","protected":false},"excerpt":{"rendered":"<p>Za\u0142\u00f3\u017c Silensi i\u00a0poka\u017c \u015bwiatu, \u017ce\u00a0wino to\u00a0wi\u0119cej ni\u017c nap\u00f3j \u2013 to\u00a0lifestyle! \ud83e\udd42\ud83d\udc9b<\/p>\n","protected":false},"featured_media":13271,"template":"","meta":{"inline_featured_image":false},"product_cat":[73],"product_tag":[],"_links":{"self":[{"href":"https:\/\/silensi.pl\/de\/wp-json\/wp\/v2\/product\/13283"}],"collection":[{"href":"https:\/\/silensi.pl\/de\/wp-json\/wp\/v2\/product"}],"about":[{"href":"https:\/\/silensi.pl\/de\/wp-json\/wp\/v2\/types\/product"}],"wp:featuredmedia":[{"embeddable":true,"href":"https:\/\/silensi.pl\/de\/wp-json\/wp\/v2\/media\/13271"}],"wp:attachment":[{"href":"https:\/\/silensi.pl\/de\/wp-json\/wp\/v2\/media?parent=13283"}],"wp:term":[{"taxonomy":"product_cat","embeddable":true,"href":"https:\/\/silensi.pl\/de\/wp-json\/wp\/v2\/product_cat?post=13283"},{"taxonomy":"product_tag","embeddable":true,"href":"https:\/\/silensi.pl\/de\/wp-json\/wp\/v2\/product_tag?post=13283"}],"curies":[{"name":"wp","href":"https:\/\/api.w.org\/{rel}","templated":true}]}}