{"id":13434,"date":"2025-12-10T20:38:27","date_gmt":"2025-12-10T19:38:27","guid":{"rendered":"https:\/\/silensi.pl\/?post_type=product&#038;p=13434"},"modified":"2026-04-10T21:14:24","modified_gmt":"2026-04-10T19:14:24","slug":"riesling-2023","status":"publish","type":"product","link":"https:\/\/silensi.pl\/de\/produkt\/riesling-2023\/","title":{"rendered":"Riesling 2023"},"content":{"rendered":"<h2 data-start=\"1372\" data-end=\"1724\"><strong data-start=\"1372\" data-end=\"1444\">Silensi Riesling 2023 \u2013 polski Riesling wytrawny z Dolnego \u015al\u0105ska<\/strong><\/h2>\n<p data-start=\"1372\" data-end=\"1724\">Szukasz \u015bwie\u017cego, aromatycznego i eleganckiego bia\u0142ego wina z polskiej winnicy? <strong data-start=\"1527\" data-end=\"1552\">Silensi Riesling 2023<\/strong> to doskona\u0142y wyb\u00f3r. Mineralna gleba u st\u00f3p \u015al\u0119\u017cy i ch\u0142odny mikroklimat sprzyja odmianom o wy\u017cszej kwasowo\u015bci i mineralnym charakterze.<\/p>\n<p data-start=\"1726\" data-end=\"2025\">Wino wyr\u00f3\u017cnia si\u0119 aromatami <strong data-start=\"1754\" data-end=\"1814\">brzoskwini, akacji, cytrus\u00f3w i delikatnych nut miodowych<\/strong>. W ustach jest <strong data-start=\"1830\" data-end=\"1865\">p\u00f3\u0142wytrawne, lekkie, harmonijne<\/strong>, z dobrze zbalansowan\u0105 kwasowo\u015bci\u0105 (7,5 g\/L) oraz nisk\u0105 zawarto\u015bci\u0105 cukru resztkowego (6,6 g\/L). Alkohol na poziomie &lt;12,5% podkre\u015bla jego \u015bwie\u017co\u015b\u0107 i elegancj\u0119.<\/p>\n<hr data-start=\"1712\" data-end=\"1715\" \/>\n<h2 data-start=\"1717\" data-end=\"1744\"><strong data-start=\"1720\" data-end=\"1744\">To idealny wyb\u00f3r do:<\/strong><\/h2>\n<ul data-start=\"2050\" data-end=\"2161\">\n<li data-start=\"2050\" data-end=\"2079\">\n<p data-start=\"2052\" data-end=\"2079\">da\u0144 z ryb i owoc\u00f3w morza,<\/p>\n<\/li>\n<li data-start=\"2080\" data-end=\"2103\">\n<p data-start=\"2082\" data-end=\"2103\">kuchni azjatyckiej,<\/p>\n<\/li>\n<li data-start=\"2104\" data-end=\"2122\">\n<p data-start=\"2106\" data-end=\"2122\">lekkich sa\u0142at,<\/p>\n<\/li>\n<li data-start=\"2123\" data-end=\"2140\">\n<p data-start=\"2125\" data-end=\"2140\">koziego sera,<\/p>\n<\/li>\n<li data-start=\"2141\" data-end=\"2161\">\n<p data-start=\"2143\" data-end=\"2161\">warzyw sezonowych.<\/p>\n<\/li>\n<\/ul>\n<p data-start=\"2163\" data-end=\"2341\"><strong data-start=\"2163\" data-end=\"2182\">Polski Riesling<\/strong> z Winnicy Silensi \u015bwietnie sprawdzi si\u0119 zar\u00f3wno jako wino do kolacji, jak i na prezent. Zam\u00f3w online i odkryj jedno z najbardziej pijalnych win dolno\u015bl\u0105skich.<\/p>\n<hr data-start=\"1712\" data-end=\"1715\" \/>\n<h2 data-start=\"1717\" data-end=\"1744\"><\/h2>\n<p data-start=\"2163\" data-end=\"2341\">#riesling #polskiriesling #rieslingwytrawny #winodolno\u015bl\u0105skie #polskiewino #winobia\u0142e #winnica #winnicasilensi \u00a0#winozpolskiejwinnicy #\u015bwie\u017cebia\u0142ewino #aromatycznebia\u0142ewino #\u015bl\u0119\u017ca<\/p>\n","protected":false},"excerpt":{"rendered":"<h3 data-start=\"2804\" data-end=\"2902\"><strong data-start=\"1372\" data-end=\"1444\">Polski Riesling wytrawny z Dolnego \u015al\u0105ska<\/strong><\/h3>\n<h4 data-start=\"219\" data-end=\"464\">Aromaty:<\/h4>\n<p data-start=\"2804\" data-end=\"2902\">\ud83c\udf4b Cytrusy<br data-start=\"2829\" data-end=\"2832\" \/>\ud83c\udf51 Brzoskwinia<br data-start=\"2846\" data-end=\"2849\" \/>\ud83c\udf38 Kwiaty akacji<br data-start=\"2865\" data-end=\"2868\" \/>\ud83c\udf6f Mi\u00f3d<br data-start=\"2875\" data-end=\"2878\" \/>\ud83c\udf5e Lekkie nuty dro\u017cd\u017cowe<\/p>\n<h4 data-start=\"219\" data-end=\"464\">Styl:<\/h4>\n<p data-start=\"2804\" data-end=\"2902\">\u2728 Wytrawne<br data-start=\"2929\" data-end=\"2932\" \/>\ud83d\udca7 \u015awie\u017ce i czyste technicznie<br data-start=\"2962\" data-end=\"2965\" \/>\ud83c\udfaf Zr\u00f3wnowa\u017cona kwasowo\u015b\u0107<br data-start=\"2990\" data-end=\"2993\" \/>\ud83c\udf43 Delikatne, lekkie cia\u0142o<\/p>\n","protected":false},"featured_media":13441,"template":"","meta":{"inline_featured_image":false},"product_cat":[62],"product_tag":[],"_links":{"self":[{"href":"https:\/\/silensi.pl\/de\/wp-json\/wp\/v2\/product\/13434"}],"collection":[{"href":"https:\/\/silensi.pl\/de\/wp-json\/wp\/v2\/product"}],"about":[{"href":"https:\/\/silensi.pl\/de\/wp-json\/wp\/v2\/types\/product"}],"wp:featuredmedia":[{"embeddable":true,"href":"https:\/\/silensi.pl\/de\/wp-json\/wp\/v2\/media\/13441"}],"wp:attachment":[{"href":"https:\/\/silensi.pl\/de\/wp-json\/wp\/v2\/media?parent=13434"}],"wp:term":[{"taxonomy":"product_cat","embeddable":true,"href":"https:\/\/silensi.pl\/de\/wp-json\/wp\/v2\/product_cat?post=13434"},{"taxonomy":"product_tag","embeddable":true,"href":"https:\/\/silensi.pl\/de\/wp-json\/wp\/v2\/product_tag?post=13434"}],"curies":[{"name":"wp","href":"https:\/\/api.w.org\/{rel}","templated":true}]}}