{"id":660,"date":"2020-11-10T08:28:09","date_gmt":"2020-11-25T08:57:50","guid":{"rendered":"https:\/\/silensi.pl\/product\/riesling-weiss\/"},"modified":"2021-06-26T01:04:51","modified_gmt":"2021-06-26T00:04:51","slug":"riesling-weiss","status":"publish","type":"product","link":"https:\/\/silensi.pl\/de\/produkt\/riesling-weiss\/","title":{"rendered":"Riesling &#8211; Weiss"},"content":{"rendered":"","protected":false},"excerpt":{"rendered":"<ul>\n<li>trockener wein<\/li>\n<li>10% Alkohol<\/li>\n<li>dienen auf ca. 8 grad<\/li>\n<li>eine subtile mineralische Note und die frische S\u00e4ure eines kalten Klimas k\u00f6nnen auch zu Zander, Spargel oder Schafsk\u00e4se passen<\/li>\n<li>Sie k\u00f6nnen auch nach Zitrus- oder Pfirsicharomen suchen<\/li>\n<\/ul>\n","protected":false},"featured_media":440,"template":"","meta":{"inline_featured_image":false},"product_cat":[],"product_tag":[],"_links":{"self":[{"href":"https:\/\/silensi.pl\/de\/wp-json\/wp\/v2\/product\/660"}],"collection":[{"href":"https:\/\/silensi.pl\/de\/wp-json\/wp\/v2\/product"}],"about":[{"href":"https:\/\/silensi.pl\/de\/wp-json\/wp\/v2\/types\/product"}],"wp:featuredmedia":[{"embeddable":true,"href":"https:\/\/silensi.pl\/de\/wp-json\/wp\/v2\/media\/440"}],"wp:attachment":[{"href":"https:\/\/silensi.pl\/de\/wp-json\/wp\/v2\/media?parent=660"}],"wp:term":[{"taxonomy":"product_cat","embeddable":true,"href":"https:\/\/silensi.pl\/de\/wp-json\/wp\/v2\/product_cat?post=660"},{"taxonomy":"product_tag","embeddable":true,"href":"https:\/\/silensi.pl\/de\/wp-json\/wp\/v2\/product_tag?post=660"}],"curies":[{"name":"wp","href":"https:\/\/api.w.org\/{rel}","templated":true}]}}