{"id":666,"date":"2020-11-10T07:26:11","date_gmt":"2020-11-25T09:05:32","guid":{"rendered":"https:\/\/silensi.pl\/product\/pinot-noir-rosa\/"},"modified":"2021-06-26T01:04:51","modified_gmt":"2021-06-26T00:04:51","slug":"pinot-noir-rosa","status":"publish","type":"product","link":"https:\/\/silensi.pl\/de\/produkt\/pinot-noir-rosa\/","title":{"rendered":"Pinot Noir &#8211; Rosa"},"content":{"rendered":"","protected":false},"excerpt":{"rendered":"<ul>\n<li>trockener wein<\/li>\n<li>12% Alkohol<\/li>\n<li>dienen auf ca. 10 grad<\/li>\n<li>Er eignet sich auch gut als Aperitif, als Zutat f\u00fcr erfrischende Cocktails sowie als Beilage zu s\u00fc\u00dfsauren Gerichten der \u00f6stlichen K\u00fcche oder zu traditionellen Fruchtkl\u00f6\u00dfen.<\/li>\n<li>k\u00f6nnen Sie nach den Aromen von Erdbeeren, Erdbeeren oder Himbeeren suchen<\/li>\n<\/ul>\n","protected":false},"featured_media":424,"template":"","meta":{"inline_featured_image":false},"product_cat":[],"product_tag":[],"_links":{"self":[{"href":"https:\/\/silensi.pl\/de\/wp-json\/wp\/v2\/product\/666"}],"collection":[{"href":"https:\/\/silensi.pl\/de\/wp-json\/wp\/v2\/product"}],"about":[{"href":"https:\/\/silensi.pl\/de\/wp-json\/wp\/v2\/types\/product"}],"wp:featuredmedia":[{"embeddable":true,"href":"https:\/\/silensi.pl\/de\/wp-json\/wp\/v2\/media\/424"}],"wp:attachment":[{"href":"https:\/\/silensi.pl\/de\/wp-json\/wp\/v2\/media?parent=666"}],"wp:term":[{"taxonomy":"product_cat","embeddable":true,"href":"https:\/\/silensi.pl\/de\/wp-json\/wp\/v2\/product_cat?post=666"},{"taxonomy":"product_tag","embeddable":true,"href":"https:\/\/silensi.pl\/de\/wp-json\/wp\/v2\/product_tag?post=666"}],"curies":[{"name":"wp","href":"https:\/\/api.w.org\/{rel}","templated":true}]}}