{"id":713,"date":"2020-12-03T23:10:06","date_gmt":"2020-12-03T22:10:06","guid":{"rendered":"https:\/\/silensi.pl\/?post_type=product&#038;p=713"},"modified":"2022-02-02T00:33:48","modified_gmt":"2022-02-01T23:33:48","slug":"pudelko-2-butelki-ozdobne-z-akcentami-swiatecznymi","status":"publish","type":"product","link":"https:\/\/silensi.pl\/de\/produkt\/pudelko-2-butelki-ozdobne-z-akcentami-swiatecznymi\/","title":{"rendered":"Pude\u0142ko na 2 butelki &#8211; ozdobne z akcentami \u015bwi\u0105tecznymi"},"content":{"rendered":"","protected":false},"excerpt":{"rendered":"<ul>\n<li>naturalny karton<\/li>\n<li>stemple z motywami \u015bwi\u0105tecznymi wykonywane r\u0119cznie na zam\u00f3wienie<\/li>\n<li>bilecik do\u0142\u0105czany na \u017cyczenie<\/li>\n<\/ul>\n<p>*butelki wina zamawiane osobno<\/p>\n","protected":false},"featured_media":0,"template":"","meta":{"inline_featured_image":false},"product_cat":[62],"product_tag":[],"_links":{"self":[{"href":"https:\/\/silensi.pl\/de\/wp-json\/wp\/v2\/product\/713"}],"collection":[{"href":"https:\/\/silensi.pl\/de\/wp-json\/wp\/v2\/product"}],"about":[{"href":"https:\/\/silensi.pl\/de\/wp-json\/wp\/v2\/types\/product"}],"wp:attachment":[{"href":"https:\/\/silensi.pl\/de\/wp-json\/wp\/v2\/media?parent=713"}],"wp:term":[{"taxonomy":"product_cat","embeddable":true,"href":"https:\/\/silensi.pl\/de\/wp-json\/wp\/v2\/product_cat?post=713"},{"taxonomy":"product_tag","embeddable":true,"href":"https:\/\/silensi.pl\/de\/wp-json\/wp\/v2\/product_tag?post=713"}],"curies":[{"name":"wp","href":"https:\/\/api.w.org\/{rel}","templated":true}]}}