{"id":774,"date":"2021-06-25T18:54:54","date_gmt":"2021-06-25T17:54:54","guid":{"rendered":"https:\/\/silensi.pl\/?post_type=product&#038;p=774"},"modified":"2023-08-25T12:46:24","modified_gmt":"2023-08-25T11:46:24","slug":"pinot-blanc-2020-wino-biale-wytrawne","status":"publish","type":"product","link":"https:\/\/silensi.pl\/de\/produkt\/pinot-blanc-2020-wino-biale-wytrawne\/","title":{"rendered":"Pinot Blanc 2020 wino bia\u0142e wytrawne"},"content":{"rendered":"","protected":false},"excerpt":{"rendered":"<ul>\n<li>wino wytrawne<\/li>\n<li>11,5% alkoholu<\/li>\n<li>podawa\u0107 sch\u0142odzone do temperatury 8-10 st.C<\/li>\n<li>wyra\u017any charaketer owocowy<\/li>\n<li>bogactwo aromat\u00f3w z pierwszoplanow\u0105 morel\u0105<\/li>\n<li>ocena wina 82<\/li>\n<\/ul>\n","protected":false},"featured_media":0,"template":"","meta":{"inline_featured_image":false},"product_cat":[62],"product_tag":[],"_links":{"self":[{"href":"https:\/\/silensi.pl\/de\/wp-json\/wp\/v2\/product\/774"}],"collection":[{"href":"https:\/\/silensi.pl\/de\/wp-json\/wp\/v2\/product"}],"about":[{"href":"https:\/\/silensi.pl\/de\/wp-json\/wp\/v2\/types\/product"}],"wp:attachment":[{"href":"https:\/\/silensi.pl\/de\/wp-json\/wp\/v2\/media?parent=774"}],"wp:term":[{"taxonomy":"product_cat","embeddable":true,"href":"https:\/\/silensi.pl\/de\/wp-json\/wp\/v2\/product_cat?post=774"},{"taxonomy":"product_tag","embeddable":true,"href":"https:\/\/silensi.pl\/de\/wp-json\/wp\/v2\/product_tag?post=774"}],"curies":[{"name":"wp","href":"https:\/\/api.w.org\/{rel}","templated":true}]}}