{"id":1089,"date":"2022-12-03T18:37:21","date_gmt":"2022-12-03T17:37:21","guid":{"rendered":"https:\/\/silensi.pl\/?post_type=product&#038;p=1089"},"modified":"2025-12-10T23:07:48","modified_gmt":"2025-12-10T22:07:48","slug":"korkociag-kelnerski-trybuszon","status":"publish","type":"product","link":"https:\/\/silensi.pl\/en\/product\/korkociag-kelnerski-trybuszon\/","title":{"rendered":"Korkoci\u0105g kelnerski &#8211; trybuszon"},"content":{"rendered":"","protected":false},"excerpt":{"rendered":"<p>Klasyczny korkoci\u0105g kelnerski wykonany ze stali nierdzewnej dwustopniowy z z otwieraczem do butelek i no\u017cykiem. Dost\u0119pny w kolorze czarnym lub bia\u0142ym (w zale\u017cno\u015bci od aktualnej dost\u0119pno\u015bci), na kt\u00f3rym znajduje si\u0119 logo Silensi.<\/p>\n","protected":false},"featured_media":1211,"template":"","meta":{"inline_featured_image":false},"product_cat":[34],"product_tag":[],"_links":{"self":[{"href":"https:\/\/silensi.pl\/en\/wp-json\/wp\/v2\/product\/1089"}],"collection":[{"href":"https:\/\/silensi.pl\/en\/wp-json\/wp\/v2\/product"}],"about":[{"href":"https:\/\/silensi.pl\/en\/wp-json\/wp\/v2\/types\/product"}],"wp:featuredmedia":[{"embeddable":true,"href":"https:\/\/silensi.pl\/en\/wp-json\/wp\/v2\/media\/1211"}],"wp:attachment":[{"href":"https:\/\/silensi.pl\/en\/wp-json\/wp\/v2\/media?parent=1089"}],"wp:term":[{"taxonomy":"product_cat","embeddable":true,"href":"https:\/\/silensi.pl\/en\/wp-json\/wp\/v2\/product_cat?post=1089"},{"taxonomy":"product_tag","embeddable":true,"href":"https:\/\/silensi.pl\/en\/wp-json\/wp\/v2\/product_tag?post=1089"}],"curies":[{"name":"wp","href":"https:\/\/api.w.org\/{rel}","templated":true}]}}