{"id":1091,"date":"2022-12-03T18:59:41","date_gmt":"2022-12-03T17:59:41","guid":{"rendered":"https:\/\/silensi.pl\/?post_type=product&#038;p=1091"},"modified":"2025-12-10T23:05:34","modified_gmt":"2025-12-10T22:05:34","slug":"dropstop-do-nalewania-wina","status":"publish","type":"product","link":"https:\/\/silensi.pl\/en\/product\/dropstop-do-nalewania-wina\/","title":{"rendered":"DropStop do nalewania wina"},"content":{"rendered":"","protected":false},"excerpt":{"rendered":"<p>Nalewak z logo Silensi zapobiega kapaniu wina\u00a0z butelki podczas nalewania.<\/p>\n<p>\u0141atwa w przechowywaniu,\u00a0niewielka, okr\u0105g\u0142a i elastyczna tarcza wielokrotnego u\u017cytku, kt\u00f3ra po zwini\u0119ciu i w\u0142o\u017ceniu do szyjki butelki zapobiegnie zabrudzeniu obrusa.<\/p>\n<div class=\"mpof_ki myre_zn myre_8v_l _0d3bd_SI-b1\">\n<div class=\"mp4t_16_s mryx_16_s mr3m_1 mli2_1 mh85_56 mh85_0_l\">\n<div class=\"mg9e_8 mg9e_0_s mvrt_0_s mj7a_8 mj7a_0_s mh36_0_s mzmg_6m munh_16_l m3h2_16_l\">\n<div class=\"mp4t_0 mryx_0 munh_56 m3h2_56\"><\/div>\n<\/div>\n<\/div>\n<\/div>\n","protected":false},"featured_media":1214,"template":"","meta":{"inline_featured_image":false},"product_cat":[34],"product_tag":[],"_links":{"self":[{"href":"https:\/\/silensi.pl\/en\/wp-json\/wp\/v2\/product\/1091"}],"collection":[{"href":"https:\/\/silensi.pl\/en\/wp-json\/wp\/v2\/product"}],"about":[{"href":"https:\/\/silensi.pl\/en\/wp-json\/wp\/v2\/types\/product"}],"wp:featuredmedia":[{"embeddable":true,"href":"https:\/\/silensi.pl\/en\/wp-json\/wp\/v2\/media\/1214"}],"wp:attachment":[{"href":"https:\/\/silensi.pl\/en\/wp-json\/wp\/v2\/media?parent=1091"}],"wp:term":[{"taxonomy":"product_cat","embeddable":true,"href":"https:\/\/silensi.pl\/en\/wp-json\/wp\/v2\/product_cat?post=1091"},{"taxonomy":"product_tag","embeddable":true,"href":"https:\/\/silensi.pl\/en\/wp-json\/wp\/v2\/product_tag?post=1091"}],"curies":[{"name":"wp","href":"https:\/\/api.w.org\/{rel}","templated":true}]}}